{"id":805,"date":"2024-09-18T07:50:31","date_gmt":"2024-09-18T07:50:31","guid":{"rendered":"https:\/\/disnatec.com\/hidraulica-naval"},"modified":"2025-04-30T06:53:41","modified_gmt":"2025-04-30T06:53:41","slug":"hidraulica-naval","status":"publish","type":"page","link":"https:\/\/disnatec.com\/es\/hidraulica-naval","title":{"rendered":"Sistemas Hidr\u00e1ulicos"},"content":{"rendered":"<p>[et_pb_section fb_built=\u00bb1&#8243; custom_padding_last_edited=\u00bbon|desktop\u00bb admin_label=\u00bbHero section\u00bb _builder_version=\u00bb4.27.4&#8243; use_background_color_gradient=\u00bbon\u00bb background_color_gradient_direction=\u00bb360deg\u00bb background_color_gradient_stops=\u00bbrgba(43,33,18,0) 0%|rgba(255,255,255,0) 28%|#2d96d3 100%\u00bb background_color_gradient_overlays_image=\u00bbon\u00bb background_color_gradient_start=\u00bbrgba(43,33,18,0)\u00bb background_color_gradient_end=\u00bbrgba(45,150,211,0.72)\u00bb background_image=\u00bbhttps:\/\/disnatec.com\/wp-content\/uploads\/2025\/04\/disnatec-foto.jpg\u00bb parallax=\u00bbon\u00bb parallax_method=\u00bboff\u00bb custom_margin=\u00bb|||\u00bb custom_padding=\u00bb7vw||9vw||false|false\u00bb custom_padding_tablet=\u00bb7vw||9vw||false|false\u00bb custom_padding_phone=\u00bb35vw||48vw||false|false\u00bb global_colors_info=\u00bb{}\u00bb][et_pb_row _builder_version=\u00bb4.27.0&#8243; width=\u00bb84%\u00bb custom_margin=\u00bb|||\u00bb global_colors_info=\u00bb{}\u00bb][et_pb_column type=\u00bb4_4&#8243; _builder_version=\u00bb4.16&#8243; custom_padding=\u00bb1px|||\u00bb global_colors_info=\u00bb{}\u00bb custom_padding__hover=\u00bb|||\u00bb][et_pb_cta title=\u00bbSistemas Hidr\u00e1ulicos\u00bb button_url=\u00bb#\u00bb _builder_version=\u00bb4.27.4&#8243; header_level=\u00bbh3&#8243; header_font=\u00bb|800||on|||||\u00bb header_font_size=\u00bb59px\u00bb header_letter_spacing=\u00bb2px\u00bb header_line_height=\u00bb1.2em\u00bb body_font=\u00bb||||||||\u00bb body_font_size=\u00bb13px\u00bb body_line_height=\u00bb1.4em\u00bb use_background_color=\u00bboff\u00bb custom_button=\u00bbon\u00bb button_text_size=\u00bb16px\u00bb button_text_color=\u00bb#ffffff\u00bb button_bg_color=\u00bb#fa7f28&#8243; button_border_width=\u00bb6px\u00bb button_border_color=\u00bb#fa7f28&#8243; button_border_radius=\u00bb5px\u00bb button_letter_spacing=\u00bb2px\u00bb button_font=\u00bbLato|900||on|||||\u00bb module_alignment=\u00bbleft\u00bb animation_style=\u00bbfold\u00bb animation_intensity_fold=\u00bb16%\u00bb header_font_size_tablet=\u00bb46px\u00bb header_font_size_phone=\u00bb25px\u00bb header_font_size_last_edited=\u00bbon|tablet\u00bb header_text_shadow_style=\u00bbpreset1&#8243; header_text_shadow_blur_strength=\u00bb0.6em\u00bb header_text_shadow_color=\u00bbrgba(0,0,0,0.6)\u00bb box_shadow_style_button=\u00bbpreset3&#8243; box_shadow_blur_button=\u00bb30px\u00bb box_shadow_spread_button=\u00bb8px\u00bb box_shadow_color_button=\u00bbrgba(250,127,40,0.15)\u00bb button_letter_spacing_hover=\u00bb2px\u00bb global_colors_info=\u00bb{}\u00bb button_text_size__hover_enabled=\u00bboff\u00bb button_one_text_size__hover_enabled=\u00bboff\u00bb button_two_text_size__hover_enabled=\u00bboff\u00bb button_text_color__hover_enabled=\u00bboff\u00bb button_one_text_color__hover_enabled=\u00bboff\u00bb button_two_text_color__hover_enabled=\u00bboff\u00bb button_border_width__hover_enabled=\u00bboff\u00bb button_one_border_width__hover_enabled=\u00bboff\u00bb button_two_border_width__hover_enabled=\u00bboff\u00bb button_border_color__hover_enabled=\u00bboff\u00bb button_one_border_color__hover_enabled=\u00bboff\u00bb button_two_border_color__hover_enabled=\u00bboff\u00bb button_border_radius__hover_enabled=\u00bboff\u00bb button_one_border_radius__hover_enabled=\u00bboff\u00bb button_two_border_radius__hover_enabled=\u00bboff\u00bb button_letter_spacing__hover_enabled=\u00bbon\u00bb button_letter_spacing__hover=\u00bb2px\u00bb button_one_letter_spacing__hover_enabled=\u00bboff\u00bb button_two_letter_spacing__hover_enabled=\u00bboff\u00bb button_bg_color__hover_enabled=\u00bboff\u00bb button_one_bg_color__hover_enabled=\u00bboff\u00bb button_two_bg_color__hover_enabled=\u00bboff\u00bb][\/et_pb_cta][\/et_pb_column][\/et_pb_row][\/et_pb_section][et_pb_section fb_built=\u00bb1&#8243; _builder_version=\u00bb4.27.4&#8243; _module_preset=\u00bbdefault\u00bb custom_padding=\u00bb51px||51px||true|false\u00bb locked=\u00bboff\u00bb global_colors_info=\u00bb{}\u00bb][et_pb_row column_structure=\u00bb1_2,1_2&#8243; use_custom_gutter=\u00bbon\u00bb make_equal=\u00bbon\u00bb custom_padding_last_edited=\u00bbon|phone\u00bb _builder_version=\u00bb4.27.4&#8243; _module_preset=\u00bbdefault\u00bb width=\u00bb90%\u00bb custom_padding=\u00bb||70px|||\u00bb custom_padding_tablet=\u00bb||70px|||\u00bb custom_padding_phone=\u00bb||0px||false|false\u00bb custom_css_main_element=\u00bbalign-items: center;||\u00bb global_colors_info=\u00bb{}\u00bb][et_pb_column type=\u00bb1_2&#8243; _builder_version=\u00bb4.27.0&#8243; _module_preset=\u00bbdefault\u00bb global_colors_info=\u00bb{}\u00bb][et_pb_blurb image=\u00bbhttps:\/\/disnatec.com\/wp-content\/uploads\/2025\/04\/ChatGPT-Image-25-abr-2025-10_44_48.png\u00bb icon_placement=\u00bbleft\u00bb image_icon_width=\u00bb110px\u00bb _builder_version=\u00bb4.27.4&#8243; _module_preset=\u00bbdefault\u00bb header_font=\u00bb|700|||||||\u00bb header_text_align=\u00bbleft\u00bb header_font_size=\u00bb25px\u00bb body_font_size=\u00bb16px\u00bb custom_padding=\u00bb||0px|||\u00bb global_colors_info=\u00bb{}\u00bb]<\/p>\n<h2> <\/h2>\n<h2><strong>Reparaci\u00f3n de Pasarelas y Gr\u00faas<\/strong><\/h2>\n<p>[\/et_pb_blurb][\/et_pb_column][et_pb_column type=\u00bb1_2&#8243; _builder_version=\u00bb4.27.0&#8243; _module_preset=\u00bbdefault\u00bb global_colors_info=\u00bb{}\u00bb][et_pb_blurb image=\u00bbhttps:\/\/disnatec.com\/wp-content\/uploads\/2025\/04\/neumatico.png\u00bb icon_placement=\u00bbleft\u00bb image_icon_width=\u00bb110px\u00bb _builder_version=\u00bb4.27.4&#8243; _module_preset=\u00bbdefault\u00bb header_font=\u00bb|700|||||||\u00bb header_font_size=\u00bb25px\u00bb body_font_size=\u00bb16px\u00bb locked=\u00bboff\u00bb global_colors_info=\u00bb{}\u00bb]<\/p>\n<h2> <\/h2>\n<h2><strong>Reparaci\u00f3n de cilindros hidr\u00e1ulicos<\/strong><\/h2>\n<p>[\/et_pb_blurb][\/et_pb_column][\/et_pb_row][et_pb_row column_structure=\u00bb1_2,1_2&#8243; make_equal=\u00bbon\u00bb _builder_version=\u00bb4.27.0&#8243; _module_preset=\u00bbdefault\u00bb width=\u00bb90%\u00bb custom_css_main_element=\u00bbalign-items: center;||\u00bb locked=\u00bboff\u00bb global_colors_info=\u00bb{}\u00bb][et_pb_column type=\u00bb1_2&#8243; _builder_version=\u00bb4.27.0&#8243; _module_preset=\u00bbdefault\u00bb global_colors_info=\u00bb{}\u00bb][et_pb_blurb image=\u00bbhttps:\/\/disnatec.com\/wp-content\/uploads\/2025\/04\/ChatGPT-Image-25-abr-2025-10_55_32.png\u00bb icon_placement=\u00bbleft\u00bb image_icon_width=\u00bb110px\u00bb _builder_version=\u00bb4.27.4&#8243; _module_preset=\u00bbdefault\u00bb header_font=\u00bb|700|||||||\u00bb header_font_size=\u00bb25px\u00bb body_font_size=\u00bb16px\u00bb global_colors_info=\u00bb{}\u00bb]<\/p>\n<p>&nbsp;<\/p>\n<h2><strong>Servicios de reparaci\u00f3n de bombas y motores<\/strong><\/h2>\n<p>[\/et_pb_blurb][\/et_pb_column][et_pb_column type=\u00bb1_2&#8243; _builder_version=\u00bb4.27.0&#8243; _module_preset=\u00bbdefault\u00bb global_colors_info=\u00bb{}\u00bb][et_pb_blurb image=\u00bbhttps:\/\/disnatec.com\/wp-content\/uploads\/2025\/04\/manguera-de-agua.png\u00bb icon_placement=\u00bbleft\u00bb image_icon_width=\u00bb90px\u00bb image_icon_width_tablet=\u00bb90px\u00bb image_icon_width_phone=\u00bb80px\u00bb image_icon_width_last_edited=\u00bbon|phone\u00bb content_max_width_tablet=\u00bb\u00bb content_max_width_phone=\u00bb300px\u00bb content_max_width_last_edited=\u00bbon|phone\u00bb _builder_version=\u00bb4.27.4&#8243; _module_preset=\u00bbdefault\u00bb header_font=\u00bb|700|||||||\u00bb header_font_size=\u00bb25px\u00bb body_font_size=\u00bb16px\u00bb body_text_align_tablet=\u00bb\u00bb body_text_align_phone=\u00bbleft\u00bb body_text_align_last_edited=\u00bbon|phone\u00bb locked=\u00bboff\u00bb global_colors_info=\u00bb{}\u00bb]<\/p>\n<h2> <\/h2>\n<h2><strong>Fabricaci\u00f3n de mangueras a medida<\/strong><\/h2>\n<p>[\/et_pb_blurb][\/et_pb_column][\/et_pb_row][\/et_pb_section]<\/p>\n","protected":false},"excerpt":{"rendered":"<p>Reparaci\u00f3n de Pasarelas y Gr\u00faas Reparaci\u00f3n de cilindros hidr\u00e1ulicos&nbsp; Servicios de reparaci\u00f3n de bombas y motores Fabricaci\u00f3n de mangueras a medida<\/p>\n","protected":false},"author":1,"featured_media":442,"parent":0,"menu_order":0,"comment_status":"closed","ping_status":"closed","template":"","meta":{"_et_pb_use_builder":"on","_et_pb_old_content":"","_et_gb_content_width":"","footnotes":""},"class_list":["post-805","page","type-page","status-publish","has-post-thumbnail","hentry"],"yoast_head":"<!-- This site is optimized with the Yoast SEO plugin v27.5 - https:\/\/yoast.com\/product\/yoast-seo-wordpress\/ -->\n<title>Sistemas Hidr\u00e1ulicos - DISNATEC<\/title>\n<meta name=\"description\" content=\"Servicios profesionales de reparaci\u00f3n de sistemas hidr\u00e1ulicos para yates: pasarelas, gr\u00faas, bombas, motores, cilindros, mangueras.\" \/>\n<meta name=\"robots\" content=\"index, follow, max-snippet:-1, max-image-preview:large, max-video-preview:-1\" \/>\n<link rel=\"canonical\" href=\"https:\/\/disnatec.com\/es\/hidraulica-naval\" \/>\n<meta property=\"og:locale\" content=\"es_ES\" \/>\n<meta property=\"og:type\" content=\"article\" \/>\n<meta property=\"og:title\" content=\"Sistemas Hidr\u00e1ulicos - DISNATEC\" \/>\n<meta property=\"og:description\" content=\"Servicios profesionales de reparaci\u00f3n de sistemas hidr\u00e1ulicos para yates: pasarelas, gr\u00faas, bombas, motores, cilindros, mangueras.\" \/>\n<meta property=\"og:url\" content=\"https:\/\/disnatec.com\/es\/hidraulica-naval\" \/>\n<meta property=\"og:site_name\" content=\"DISNATEC\" \/>\n<meta property=\"article:modified_time\" content=\"2025-04-30T06:53:41+00:00\" \/>\n<meta property=\"og:image\" content=\"https:\/\/disnatec.com\/wp-content\/uploads\/2024\/09\/Marine-hydraulic-systems-repair-services.jpg\" \/>\n\t<meta property=\"og:image:width\" content=\"1000\" \/>\n\t<meta property=\"og:image:height\" content=\"667\" \/>\n\t<meta property=\"og:image:type\" content=\"image\/jpeg\" \/>\n<meta name=\"twitter:card\" content=\"summary_large_image\" \/>\n<meta name=\"twitter:label1\" content=\"Tiempo de lectura\" \/>\n\t<meta name=\"twitter:data1\" content=\"4 minutos\" \/>\n<script type=\"application\/ld+json\" class=\"yoast-schema-graph\">{\"@context\":\"https:\\\/\\\/schema.org\",\"@graph\":[{\"@type\":\"WebPage\",\"@id\":\"https:\\\/\\\/disnatec.com\\\/es\\\/hidraulica-naval\",\"url\":\"https:\\\/\\\/disnatec.com\\\/es\\\/hidraulica-naval\",\"name\":\"Sistemas Hidr\u00e1ulicos - DISNATEC\",\"isPartOf\":{\"@id\":\"https:\\\/\\\/disnatec.com\\\/es#website\"},\"primaryImageOfPage\":{\"@id\":\"https:\\\/\\\/disnatec.com\\\/es\\\/hidraulica-naval#primaryimage\"},\"image\":{\"@id\":\"https:\\\/\\\/disnatec.com\\\/es\\\/hidraulica-naval#primaryimage\"},\"thumbnailUrl\":\"https:\\\/\\\/i0.wp.com\\\/disnatec.com\\\/wp-content\\\/uploads\\\/2024\\\/09\\\/Marine-hydraulic-systems-repair-services.jpg?fit=1000%2C667&ssl=1\",\"datePublished\":\"2024-09-18T07:50:31+00:00\",\"dateModified\":\"2025-04-30T06:53:41+00:00\",\"description\":\"Servicios profesionales de reparaci\u00f3n de sistemas hidr\u00e1ulicos para yates: pasarelas, gr\u00faas, bombas, motores, cilindros, mangueras.\",\"breadcrumb\":{\"@id\":\"https:\\\/\\\/disnatec.com\\\/es\\\/hidraulica-naval#breadcrumb\"},\"inLanguage\":\"es\",\"potentialAction\":[{\"@type\":\"ReadAction\",\"target\":[\"https:\\\/\\\/disnatec.com\\\/es\\\/hidraulica-naval\"]}]},{\"@type\":\"ImageObject\",\"inLanguage\":\"es\",\"@id\":\"https:\\\/\\\/disnatec.com\\\/es\\\/hidraulica-naval#primaryimage\",\"url\":\"https:\\\/\\\/i0.wp.com\\\/disnatec.com\\\/wp-content\\\/uploads\\\/2024\\\/09\\\/Marine-hydraulic-systems-repair-services.jpg?fit=1000%2C667&ssl=1\",\"contentUrl\":\"https:\\\/\\\/i0.wp.com\\\/disnatec.com\\\/wp-content\\\/uploads\\\/2024\\\/09\\\/Marine-hydraulic-systems-repair-services.jpg?fit=1000%2C667&ssl=1\",\"width\":1000,\"height\":667,\"caption\":\"Marine-hydraulic-systems-repair-services\"},{\"@type\":\"BreadcrumbList\",\"@id\":\"https:\\\/\\\/disnatec.com\\\/es\\\/hidraulica-naval#breadcrumb\",\"itemListElement\":[{\"@type\":\"ListItem\",\"position\":1,\"name\":\"Portada\",\"item\":\"https:\\\/\\\/disnatec.com\\\/es\\\/inicio\"},{\"@type\":\"ListItem\",\"position\":2,\"name\":\"Sistemas Hidr\u00e1ulicos\"}]},{\"@type\":\"WebSite\",\"@id\":\"https:\\\/\\\/disnatec.com\\\/es#website\",\"url\":\"https:\\\/\\\/disnatec.com\\\/es\",\"name\":\"DISNATEC\",\"description\":\"Just another WordPress site\",\"potentialAction\":[{\"@type\":\"SearchAction\",\"target\":{\"@type\":\"EntryPoint\",\"urlTemplate\":\"https:\\\/\\\/disnatec.com\\\/es?s={search_term_string}\"},\"query-input\":{\"@type\":\"PropertyValueSpecification\",\"valueRequired\":true,\"valueName\":\"search_term_string\"}}],\"inLanguage\":\"es\"}]}<\/script>\n<!-- \/ Yoast SEO plugin. -->","yoast_head_json":{"title":"Sistemas Hidr\u00e1ulicos - DISNATEC","description":"Servicios profesionales de reparaci\u00f3n de sistemas hidr\u00e1ulicos para yates: pasarelas, gr\u00faas, bombas, motores, cilindros, mangueras.","robots":{"index":"index","follow":"follow","max-snippet":"max-snippet:-1","max-image-preview":"max-image-preview:large","max-video-preview":"max-video-preview:-1"},"canonical":"https:\/\/disnatec.com\/es\/hidraulica-naval","og_locale":"es_ES","og_type":"article","og_title":"Sistemas Hidr\u00e1ulicos - DISNATEC","og_description":"Servicios profesionales de reparaci\u00f3n de sistemas hidr\u00e1ulicos para yates: pasarelas, gr\u00faas, bombas, motores, cilindros, mangueras.","og_url":"https:\/\/disnatec.com\/es\/hidraulica-naval","og_site_name":"DISNATEC","article_modified_time":"2025-04-30T06:53:41+00:00","og_image":[{"width":1000,"height":667,"url":"https:\/\/disnatec.com\/wp-content\/uploads\/2024\/09\/Marine-hydraulic-systems-repair-services.jpg","type":"image\/jpeg"}],"twitter_card":"summary_large_image","twitter_misc":{"Tiempo de lectura":"4 minutos"},"schema":{"@context":"https:\/\/schema.org","@graph":[{"@type":"WebPage","@id":"https:\/\/disnatec.com\/es\/hidraulica-naval","url":"https:\/\/disnatec.com\/es\/hidraulica-naval","name":"Sistemas Hidr\u00e1ulicos - DISNATEC","isPartOf":{"@id":"https:\/\/disnatec.com\/es#website"},"primaryImageOfPage":{"@id":"https:\/\/disnatec.com\/es\/hidraulica-naval#primaryimage"},"image":{"@id":"https:\/\/disnatec.com\/es\/hidraulica-naval#primaryimage"},"thumbnailUrl":"https:\/\/i0.wp.com\/disnatec.com\/wp-content\/uploads\/2024\/09\/Marine-hydraulic-systems-repair-services.jpg?fit=1000%2C667&ssl=1","datePublished":"2024-09-18T07:50:31+00:00","dateModified":"2025-04-30T06:53:41+00:00","description":"Servicios profesionales de reparaci\u00f3n de sistemas hidr\u00e1ulicos para yates: pasarelas, gr\u00faas, bombas, motores, cilindros, mangueras.","breadcrumb":{"@id":"https:\/\/disnatec.com\/es\/hidraulica-naval#breadcrumb"},"inLanguage":"es","potentialAction":[{"@type":"ReadAction","target":["https:\/\/disnatec.com\/es\/hidraulica-naval"]}]},{"@type":"ImageObject","inLanguage":"es","@id":"https:\/\/disnatec.com\/es\/hidraulica-naval#primaryimage","url":"https:\/\/i0.wp.com\/disnatec.com\/wp-content\/uploads\/2024\/09\/Marine-hydraulic-systems-repair-services.jpg?fit=1000%2C667&ssl=1","contentUrl":"https:\/\/i0.wp.com\/disnatec.com\/wp-content\/uploads\/2024\/09\/Marine-hydraulic-systems-repair-services.jpg?fit=1000%2C667&ssl=1","width":1000,"height":667,"caption":"Marine-hydraulic-systems-repair-services"},{"@type":"BreadcrumbList","@id":"https:\/\/disnatec.com\/es\/hidraulica-naval#breadcrumb","itemListElement":[{"@type":"ListItem","position":1,"name":"Portada","item":"https:\/\/disnatec.com\/es\/inicio"},{"@type":"ListItem","position":2,"name":"Sistemas Hidr\u00e1ulicos"}]},{"@type":"WebSite","@id":"https:\/\/disnatec.com\/es#website","url":"https:\/\/disnatec.com\/es","name":"DISNATEC","description":"Just another WordPress site","potentialAction":[{"@type":"SearchAction","target":{"@type":"EntryPoint","urlTemplate":"https:\/\/disnatec.com\/es?s={search_term_string}"},"query-input":{"@type":"PropertyValueSpecification","valueRequired":true,"valueName":"search_term_string"}}],"inLanguage":"es"}]}},"jetpack_sharing_enabled":true,"_links":{"self":[{"href":"https:\/\/disnatec.com\/es\/wp-json\/wp\/v2\/pages\/805","targetHints":{"allow":["GET"]}}],"collection":[{"href":"https:\/\/disnatec.com\/es\/wp-json\/wp\/v2\/pages"}],"about":[{"href":"https:\/\/disnatec.com\/es\/wp-json\/wp\/v2\/types\/page"}],"author":[{"embeddable":true,"href":"https:\/\/disnatec.com\/es\/wp-json\/wp\/v2\/users\/1"}],"replies":[{"embeddable":true,"href":"https:\/\/disnatec.com\/es\/wp-json\/wp\/v2\/comments?post=805"}],"version-history":[{"count":32,"href":"https:\/\/disnatec.com\/es\/wp-json\/wp\/v2\/pages\/805\/revisions"}],"predecessor-version":[{"id":1236,"href":"https:\/\/disnatec.com\/es\/wp-json\/wp\/v2\/pages\/805\/revisions\/1236"}],"wp:featuredmedia":[{"embeddable":true,"href":"https:\/\/disnatec.com\/es\/wp-json\/wp\/v2\/media\/442"}],"wp:attachment":[{"href":"https:\/\/disnatec.com\/es\/wp-json\/wp\/v2\/media?parent=805"}],"curies":[{"name":"wp","href":"https:\/\/api.w.org\/{rel}","templated":true}]}}