{"id":768,"date":"2024-09-18T07:23:48","date_gmt":"2024-09-18T07:23:48","guid":{"rendered":"https:\/\/disnatec.com\/mecanica-naval-para-reparaciones-de-grandes-yates-precision-y-fiabilidad"},"modified":"2025-04-29T08:31:43","modified_gmt":"2025-04-29T08:31:43","slug":"mecanica-para-reparaciones-de-grandes-yates-precision-y-fiabilidad","status":"publish","type":"page","link":"https:\/\/disnatec.com\/es\/mecanica-para-reparaciones-de-grandes-yates-precision-y-fiabilidad","title":{"rendered":"Mec\u00e1nica"},"content":{"rendered":"<p>[et_pb_section fb_built=\u00bb1&#8243; custom_padding_last_edited=\u00bbon|desktop\u00bb admin_label=\u00bbHero section\u00bb _builder_version=\u00bb4.27.4&#8243; use_background_color_gradient=\u00bbon\u00bb background_color_gradient_direction=\u00bb360deg\u00bb background_color_gradient_stops=\u00bbrgba(43,33,18,0) 0%|rgba(255,255,255,0) 28%|#2d96d3 100%\u00bb background_color_gradient_overlays_image=\u00bbon\u00bb background_color_gradient_start=\u00bbrgba(43,33,18,0)\u00bb background_color_gradient_end=\u00bbrgba(45,150,211,0.72)\u00bb background_image=\u00bbhttps:\/\/disnatec.com\/wp-content\/uploads\/2024\/09\/Naval-Mechanics-specialized-in-yacht-repair-engines-generators-windlasses-bow-thrusters-and-shaft-lines.jpg\u00bb parallax=\u00bbon\u00bb parallax_method=\u00bboff\u00bb custom_margin=\u00bb|||\u00bb custom_padding=\u00bb7vw||9vw||false|false\u00bb custom_padding_tablet=\u00bb7vw||9vw||false|false\u00bb custom_padding_phone=\u00bb35vw||48vw||false|false\u00bb global_colors_info=\u00bb{}\u00bb][et_pb_row _builder_version=\u00bb4.27.0&#8243; width=\u00bb84%\u00bb custom_margin=\u00bb|||\u00bb global_colors_info=\u00bb{}\u00bb][et_pb_column type=\u00bb4_4&#8243; _builder_version=\u00bb4.16&#8243; custom_padding=\u00bb1px|||\u00bb global_colors_info=\u00bb{}\u00bb custom_padding__hover=\u00bb|||\u00bb][et_pb_cta title=\u00bbMec\u00e1nica\u00bb button_url=\u00bb#\u00bb _builder_version=\u00bb4.27.4&#8243; header_level=\u00bbh1&#8243; header_font=\u00bb|800||on|||||\u00bb header_text_align=\u00bbcenter\u00bb header_font_size=\u00bb59px\u00bb header_letter_spacing=\u00bb2px\u00bb header_line_height=\u00bb1.2em\u00bb body_font=\u00bb||||||||\u00bb body_font_size=\u00bb13px\u00bb body_line_height=\u00bb1.4em\u00bb use_background_color=\u00bboff\u00bb custom_button=\u00bbon\u00bb button_text_size=\u00bb16px\u00bb button_text_color=\u00bb#ffffff\u00bb button_bg_color=\u00bb#fa7f28&#8243; button_border_width=\u00bb6px\u00bb button_border_color=\u00bb#fa7f28&#8243; button_border_radius=\u00bb5px\u00bb button_letter_spacing=\u00bb2px\u00bb button_font=\u00bbLato|900||on|||||\u00bb text_orientation=\u00bbleft\u00bb module_alignment=\u00bbleft\u00bb animation_style=\u00bbfold\u00bb animation_intensity_fold=\u00bb16%\u00bb header_font_size_tablet=\u00bb46px\u00bb header_font_size_phone=\u00bb25px\u00bb header_font_size_last_edited=\u00bbon|tablet\u00bb header_text_shadow_style=\u00bbpreset1&#8243; header_text_shadow_blur_strength=\u00bb0.6em\u00bb header_text_shadow_color=\u00bbrgba(0,0,0,0.6)\u00bb box_shadow_style_button=\u00bbpreset3&#8243; box_shadow_blur_button=\u00bb30px\u00bb box_shadow_spread_button=\u00bb8px\u00bb box_shadow_color_button=\u00bbrgba(250,127,40,0.15)\u00bb button_letter_spacing_hover=\u00bb2px\u00bb global_colors_info=\u00bb{}\u00bb button_text_size__hover_enabled=\u00bboff\u00bb button_one_text_size__hover_enabled=\u00bboff\u00bb button_two_text_size__hover_enabled=\u00bboff\u00bb button_text_color__hover_enabled=\u00bboff\u00bb button_one_text_color__hover_enabled=\u00bboff\u00bb button_two_text_color__hover_enabled=\u00bboff\u00bb button_border_width__hover_enabled=\u00bboff\u00bb button_one_border_width__hover_enabled=\u00bboff\u00bb button_two_border_width__hover_enabled=\u00bboff\u00bb button_border_color__hover_enabled=\u00bboff\u00bb button_one_border_color__hover_enabled=\u00bboff\u00bb button_two_border_color__hover_enabled=\u00bboff\u00bb button_border_radius__hover_enabled=\u00bboff\u00bb button_one_border_radius__hover_enabled=\u00bboff\u00bb button_two_border_radius__hover_enabled=\u00bboff\u00bb button_letter_spacing__hover_enabled=\u00bbon\u00bb button_letter_spacing__hover=\u00bb2px\u00bb button_one_letter_spacing__hover_enabled=\u00bboff\u00bb button_two_letter_spacing__hover_enabled=\u00bboff\u00bb button_bg_color__hover_enabled=\u00bboff\u00bb button_one_bg_color__hover_enabled=\u00bboff\u00bb button_two_bg_color__hover_enabled=\u00bboff\u00bb][\/et_pb_cta][\/et_pb_column][\/et_pb_row][\/et_pb_section][et_pb_section fb_built=\u00bb1&#8243; _builder_version=\u00bb4.27.4&#8243; _module_preset=\u00bbdefault\u00bb custom_padding=\u00bb50px||50px||true|false\u00bb global_colors_info=\u00bb{}\u00bb][et_pb_row column_structure=\u00bb1_2,1_2&#8243; use_custom_gutter=\u00bbon\u00bb make_equal=\u00bbon\u00bb custom_padding_last_edited=\u00bbon|phone\u00bb _builder_version=\u00bb4.27.4&#8243; _module_preset=\u00bbdefault\u00bb width=\u00bb90%\u00bb custom_padding=\u00bb||70px|||\u00bb custom_padding_tablet=\u00bb||70px|||\u00bb custom_padding_phone=\u00bb||15px||false|false\u00bb custom_css_main_element=\u00bbalign-items: center;||\u00bb global_colors_info=\u00bb{}\u00bb][et_pb_column type=\u00bb1_2&#8243; _builder_version=\u00bb4.27.0&#8243; _module_preset=\u00bbdefault\u00bb global_colors_info=\u00bb{}\u00bb][et_pb_blurb image=\u00bbhttps:\/\/disnatec.com\/wp-content\/uploads\/2025\/04\/motor.png\u00bb icon_placement=\u00bbleft\u00bb image_icon_width=\u00bb100px\u00bb _builder_version=\u00bb4.27.4&#8243; _module_preset=\u00bbdefault\u00bb header_font=\u00bb|700|||||||\u00bb header_font_size=\u00bb25px\u00bb body_font_size=\u00bb16px\u00bb custom_padding=\u00bb||0px|||\u00bb global_colors_info=\u00bb{}\u00bb]<\/p>\n<h2> <\/h2>\n<h2><strong>Reparaci\u00f3n de motores y generadores<\/strong><\/h2>\n<p>[\/et_pb_blurb][\/et_pb_column][et_pb_column type=\u00bb1_2&#8243; _builder_version=\u00bb4.27.0&#8243; _module_preset=\u00bbdefault\u00bb global_colors_info=\u00bb{}\u00bb][et_pb_blurb image=\u00bbhttps:\/\/disnatec.com\/wp-content\/uploads\/2025\/04\/helice.png\u00bb icon_placement=\u00bbleft\u00bb image_icon_width=\u00bb100px\u00bb _builder_version=\u00bb4.27.4&#8243; _module_preset=\u00bbdefault\u00bb header_font=\u00bb|700|||||||\u00bb header_font_size=\u00bb25px\u00bb body_font_size=\u00bb16px\u00bb locked=\u00bboff\u00bb global_colors_info=\u00bb{}\u00bb]<\/p>\n<h3> <\/h3>\n<h2><strong>Reparaci\u00f3n de las h\u00e9lices de proa<\/strong><\/h2>\n<p>[\/et_pb_blurb][\/et_pb_column][\/et_pb_row][et_pb_row column_structure=\u00bb1_2,1_2&#8243; make_equal=\u00bbon\u00bb _builder_version=\u00bb4.27.0&#8243; _module_preset=\u00bbdefault\u00bb width=\u00bb90%\u00bb custom_css_main_element=\u00bbalign-items: center;||\u00bb locked=\u00bboff\u00bb global_colors_info=\u00bb{}\u00bb][et_pb_column type=\u00bb1_2&#8243; _builder_version=\u00bb4.27.0&#8243; _module_preset=\u00bbdefault\u00bb global_colors_info=\u00bb{}\u00bb][et_pb_blurb image=\u00bbhttps:\/\/disnatec.com\/wp-content\/uploads\/2025\/04\/motor-rotativo.png\u00bb icon_placement=\u00bbleft\u00bb image_icon_width=\u00bb100px\u00bb _builder_version=\u00bb4.27.4&#8243; _module_preset=\u00bbdefault\u00bb header_font=\u00bb|700|||||||\u00bb header_font_size=\u00bb25px\u00bb body_font_size=\u00bb16px\u00bb global_colors_info=\u00bb{}\u00bb]<\/p>\n<h2> <\/h2>\n<h2><strong>Reparaci\u00f3n de molinetes<\/strong><\/h2>\n<p>[\/et_pb_blurb][\/et_pb_column][et_pb_column type=\u00bb1_2&#8243; _builder_version=\u00bb4.27.0&#8243; _module_preset=\u00bbdefault\u00bb global_colors_info=\u00bb{}\u00bb][et_pb_blurb image=\u00bbhttps:\/\/disnatec.com\/wp-content\/uploads\/2025\/04\/helice-1.png\u00bb icon_placement=\u00bbleft\u00bb image_icon_width=\u00bb110px\u00bb _builder_version=\u00bb4.27.4&#8243; _module_preset=\u00bbdefault\u00bb header_font=\u00bb|700|||||||\u00bb header_font_size=\u00bb25px\u00bb body_font_size=\u00bb16px\u00bb locked=\u00bboff\u00bb global_colors_info=\u00bb{}\u00bb]<\/p>\n<h2> <\/h2>\n<h2><strong>Reparaci\u00f3n de l\u00edneas de ejes<\/strong><\/h2>\n<p>[\/et_pb_blurb][\/et_pb_column][\/et_pb_row][et_pb_row make_equal=\u00bbon\u00bb _builder_version=\u00bb4.27.4&#8243; _module_preset=\u00bbdefault\u00bb width=\u00bb90%\u00bb custom_css_main_element=\u00bbalign-items: center;||\u00bb locked=\u00bboff\u00bb global_colors_info=\u00bb{}\u00bb][et_pb_column type=\u00bb4_4&#8243; _builder_version=\u00bb4.27.0&#8243; _module_preset=\u00bbdefault\u00bb global_colors_info=\u00bb{}\u00bb][et_pb_blurb image=\u00bbhttps:\/\/disnatec.com\/wp-content\/uploads\/2025\/04\/estabilizadores-1.png\u00bb icon_placement=\u00bbleft\u00bb image_icon_width=\u00bb120px\u00bb _builder_version=\u00bb4.27.4&#8243; _module_preset=\u00bbdefault\u00bb header_font=\u00bb|700|||||||\u00bb header_font_size=\u00bb25px\u00bb body_font_size=\u00bb16px\u00bb hover_enabled=\u00bb0&#8243; global_colors_info=\u00bb{}\u00bb sticky_enabled=\u00bb0&#8243; title_text=\u00bbestabilizadores-1&#8243;]<\/p>\n<h2> <\/h2>\n<h2><strong>Estabilizadores hidr\u00e1ulicos y el\u00e9ctricos<\/strong><\/h2>\n<p>[\/et_pb_blurb][\/et_pb_column][\/et_pb_row][\/et_pb_section]<\/p>\n","protected":false},"excerpt":{"rendered":"<p>Reparaci\u00f3n de motores y generadores Reparaci\u00f3n de las h\u00e9lices de proa Reparaci\u00f3n de molinetes Reparaci\u00f3n de l\u00edneas de ejes Estabilizadores hidr\u00e1ulicos y el\u00e9ctricos<\/p>\n","protected":false},"author":1,"featured_media":448,"parent":0,"menu_order":0,"comment_status":"closed","ping_status":"closed","template":"","meta":{"_et_pb_use_builder":"on","_et_pb_old_content":"","_et_gb_content_width":"","footnotes":""},"class_list":["post-768","page","type-page","status-publish","has-post-thumbnail","hentry"],"yoast_head":"<!-- This site is optimized with the Yoast SEO plugin v27.5 - https:\/\/yoast.com\/product\/yoast-seo-wordpress\/ -->\n<title>Mec\u00e1nica - DISNATEC<\/title>\n<meta name=\"description\" content=\"Servicios profesionales de reparaci\u00f3n: motores, generadores, molinetes, h\u00e9lices de proa, l\u00edneas de eje. Conf\u00ede en Disnatec para el servicio de Mec\u00e1nica.\" \/>\n<meta name=\"robots\" content=\"index, follow, max-snippet:-1, max-image-preview:large, max-video-preview:-1\" \/>\n<link rel=\"canonical\" href=\"https:\/\/disnatec.com\/es\/mecanica-para-reparaciones-de-grandes-yates-precision-y-fiabilidad\" \/>\n<meta property=\"og:locale\" content=\"es_ES\" \/>\n<meta property=\"og:type\" content=\"article\" \/>\n<meta property=\"og:title\" content=\"Mec\u00e1nica - DISNATEC\" \/>\n<meta property=\"og:description\" content=\"Servicios profesionales de reparaci\u00f3n: motores, generadores, molinetes, h\u00e9lices de proa, l\u00edneas de eje. Conf\u00ede en Disnatec para el servicio de Mec\u00e1nica.\" \/>\n<meta property=\"og:url\" content=\"https:\/\/disnatec.com\/es\/mecanica-para-reparaciones-de-grandes-yates-precision-y-fiabilidad\" \/>\n<meta property=\"og:site_name\" content=\"DISNATEC\" \/>\n<meta property=\"article:modified_time\" content=\"2025-04-29T08:31:43+00:00\" \/>\n<meta property=\"og:image\" content=\"https:\/\/disnatec.com\/wp-content\/uploads\/2024\/09\/Marine-hydraulic-systems-repair-services1.jpg\" \/>\n\t<meta property=\"og:image:width\" content=\"1200\" \/>\n\t<meta property=\"og:image:height\" content=\"800\" \/>\n\t<meta property=\"og:image:type\" content=\"image\/jpeg\" \/>\n<meta name=\"twitter:card\" content=\"summary_large_image\" \/>\n<meta name=\"twitter:label1\" content=\"Tiempo de lectura\" \/>\n\t<meta name=\"twitter:data1\" content=\"2 minutos\" \/>\n<script type=\"application\/ld+json\" class=\"yoast-schema-graph\">{\"@context\":\"https:\\\/\\\/schema.org\",\"@graph\":[{\"@type\":\"WebPage\",\"@id\":\"https:\\\/\\\/disnatec.com\\\/es\\\/mecanica-para-reparaciones-de-grandes-yates-precision-y-fiabilidad\",\"url\":\"https:\\\/\\\/disnatec.com\\\/es\\\/mecanica-para-reparaciones-de-grandes-yates-precision-y-fiabilidad\",\"name\":\"Mec\u00e1nica - DISNATEC\",\"isPartOf\":{\"@id\":\"https:\\\/\\\/disnatec.com\\\/es#website\"},\"primaryImageOfPage\":{\"@id\":\"https:\\\/\\\/disnatec.com\\\/es\\\/mecanica-para-reparaciones-de-grandes-yates-precision-y-fiabilidad#primaryimage\"},\"image\":{\"@id\":\"https:\\\/\\\/disnatec.com\\\/es\\\/mecanica-para-reparaciones-de-grandes-yates-precision-y-fiabilidad#primaryimage\"},\"thumbnailUrl\":\"https:\\\/\\\/i0.wp.com\\\/disnatec.com\\\/wp-content\\\/uploads\\\/2024\\\/09\\\/Marine-hydraulic-systems-repair-services1.jpg?fit=1200%2C800&ssl=1\",\"datePublished\":\"2024-09-18T07:23:48+00:00\",\"dateModified\":\"2025-04-29T08:31:43+00:00\",\"description\":\"Servicios profesionales de reparaci\u00f3n: motores, generadores, molinetes, h\u00e9lices de proa, l\u00edneas de eje. Conf\u00ede en Disnatec para el servicio de Mec\u00e1nica.\",\"breadcrumb\":{\"@id\":\"https:\\\/\\\/disnatec.com\\\/es\\\/mecanica-para-reparaciones-de-grandes-yates-precision-y-fiabilidad#breadcrumb\"},\"inLanguage\":\"es\",\"potentialAction\":[{\"@type\":\"ReadAction\",\"target\":[\"https:\\\/\\\/disnatec.com\\\/es\\\/mecanica-para-reparaciones-de-grandes-yates-precision-y-fiabilidad\"]}]},{\"@type\":\"ImageObject\",\"inLanguage\":\"es\",\"@id\":\"https:\\\/\\\/disnatec.com\\\/es\\\/mecanica-para-reparaciones-de-grandes-yates-precision-y-fiabilidad#primaryimage\",\"url\":\"https:\\\/\\\/i0.wp.com\\\/disnatec.com\\\/wp-content\\\/uploads\\\/2024\\\/09\\\/Marine-hydraulic-systems-repair-services1.jpg?fit=1200%2C800&ssl=1\",\"contentUrl\":\"https:\\\/\\\/i0.wp.com\\\/disnatec.com\\\/wp-content\\\/uploads\\\/2024\\\/09\\\/Marine-hydraulic-systems-repair-services1.jpg?fit=1200%2C800&ssl=1\",\"width\":1200,\"height\":800,\"caption\":\"Marine-hydraulic-systems-repair-services(1)\"},{\"@type\":\"BreadcrumbList\",\"@id\":\"https:\\\/\\\/disnatec.com\\\/es\\\/mecanica-para-reparaciones-de-grandes-yates-precision-y-fiabilidad#breadcrumb\",\"itemListElement\":[{\"@type\":\"ListItem\",\"position\":1,\"name\":\"Portada\",\"item\":\"https:\\\/\\\/disnatec.com\\\/es\\\/inicio\"},{\"@type\":\"ListItem\",\"position\":2,\"name\":\"Mec\u00e1nica\"}]},{\"@type\":\"WebSite\",\"@id\":\"https:\\\/\\\/disnatec.com\\\/es#website\",\"url\":\"https:\\\/\\\/disnatec.com\\\/es\",\"name\":\"DISNATEC\",\"description\":\"Just another WordPress site\",\"potentialAction\":[{\"@type\":\"SearchAction\",\"target\":{\"@type\":\"EntryPoint\",\"urlTemplate\":\"https:\\\/\\\/disnatec.com\\\/es?s={search_term_string}\"},\"query-input\":{\"@type\":\"PropertyValueSpecification\",\"valueRequired\":true,\"valueName\":\"search_term_string\"}}],\"inLanguage\":\"es\"}]}<\/script>\n<!-- \/ Yoast SEO plugin. -->","yoast_head_json":{"title":"Mec\u00e1nica - DISNATEC","description":"Servicios profesionales de reparaci\u00f3n: motores, generadores, molinetes, h\u00e9lices de proa, l\u00edneas de eje. Conf\u00ede en Disnatec para el servicio de Mec\u00e1nica.","robots":{"index":"index","follow":"follow","max-snippet":"max-snippet:-1","max-image-preview":"max-image-preview:large","max-video-preview":"max-video-preview:-1"},"canonical":"https:\/\/disnatec.com\/es\/mecanica-para-reparaciones-de-grandes-yates-precision-y-fiabilidad","og_locale":"es_ES","og_type":"article","og_title":"Mec\u00e1nica - DISNATEC","og_description":"Servicios profesionales de reparaci\u00f3n: motores, generadores, molinetes, h\u00e9lices de proa, l\u00edneas de eje. Conf\u00ede en Disnatec para el servicio de Mec\u00e1nica.","og_url":"https:\/\/disnatec.com\/es\/mecanica-para-reparaciones-de-grandes-yates-precision-y-fiabilidad","og_site_name":"DISNATEC","article_modified_time":"2025-04-29T08:31:43+00:00","og_image":[{"width":1200,"height":800,"url":"https:\/\/disnatec.com\/wp-content\/uploads\/2024\/09\/Marine-hydraulic-systems-repair-services1.jpg","type":"image\/jpeg"}],"twitter_card":"summary_large_image","twitter_misc":{"Tiempo de lectura":"2 minutos"},"schema":{"@context":"https:\/\/schema.org","@graph":[{"@type":"WebPage","@id":"https:\/\/disnatec.com\/es\/mecanica-para-reparaciones-de-grandes-yates-precision-y-fiabilidad","url":"https:\/\/disnatec.com\/es\/mecanica-para-reparaciones-de-grandes-yates-precision-y-fiabilidad","name":"Mec\u00e1nica - DISNATEC","isPartOf":{"@id":"https:\/\/disnatec.com\/es#website"},"primaryImageOfPage":{"@id":"https:\/\/disnatec.com\/es\/mecanica-para-reparaciones-de-grandes-yates-precision-y-fiabilidad#primaryimage"},"image":{"@id":"https:\/\/disnatec.com\/es\/mecanica-para-reparaciones-de-grandes-yates-precision-y-fiabilidad#primaryimage"},"thumbnailUrl":"https:\/\/i0.wp.com\/disnatec.com\/wp-content\/uploads\/2024\/09\/Marine-hydraulic-systems-repair-services1.jpg?fit=1200%2C800&ssl=1","datePublished":"2024-09-18T07:23:48+00:00","dateModified":"2025-04-29T08:31:43+00:00","description":"Servicios profesionales de reparaci\u00f3n: motores, generadores, molinetes, h\u00e9lices de proa, l\u00edneas de eje. Conf\u00ede en Disnatec para el servicio de Mec\u00e1nica.","breadcrumb":{"@id":"https:\/\/disnatec.com\/es\/mecanica-para-reparaciones-de-grandes-yates-precision-y-fiabilidad#breadcrumb"},"inLanguage":"es","potentialAction":[{"@type":"ReadAction","target":["https:\/\/disnatec.com\/es\/mecanica-para-reparaciones-de-grandes-yates-precision-y-fiabilidad"]}]},{"@type":"ImageObject","inLanguage":"es","@id":"https:\/\/disnatec.com\/es\/mecanica-para-reparaciones-de-grandes-yates-precision-y-fiabilidad#primaryimage","url":"https:\/\/i0.wp.com\/disnatec.com\/wp-content\/uploads\/2024\/09\/Marine-hydraulic-systems-repair-services1.jpg?fit=1200%2C800&ssl=1","contentUrl":"https:\/\/i0.wp.com\/disnatec.com\/wp-content\/uploads\/2024\/09\/Marine-hydraulic-systems-repair-services1.jpg?fit=1200%2C800&ssl=1","width":1200,"height":800,"caption":"Marine-hydraulic-systems-repair-services(1)"},{"@type":"BreadcrumbList","@id":"https:\/\/disnatec.com\/es\/mecanica-para-reparaciones-de-grandes-yates-precision-y-fiabilidad#breadcrumb","itemListElement":[{"@type":"ListItem","position":1,"name":"Portada","item":"https:\/\/disnatec.com\/es\/inicio"},{"@type":"ListItem","position":2,"name":"Mec\u00e1nica"}]},{"@type":"WebSite","@id":"https:\/\/disnatec.com\/es#website","url":"https:\/\/disnatec.com\/es","name":"DISNATEC","description":"Just another WordPress site","potentialAction":[{"@type":"SearchAction","target":{"@type":"EntryPoint","urlTemplate":"https:\/\/disnatec.com\/es?s={search_term_string}"},"query-input":{"@type":"PropertyValueSpecification","valueRequired":true,"valueName":"search_term_string"}}],"inLanguage":"es"}]}},"jetpack_sharing_enabled":true,"_links":{"self":[{"href":"https:\/\/disnatec.com\/es\/wp-json\/wp\/v2\/pages\/768","targetHints":{"allow":["GET"]}}],"collection":[{"href":"https:\/\/disnatec.com\/es\/wp-json\/wp\/v2\/pages"}],"about":[{"href":"https:\/\/disnatec.com\/es\/wp-json\/wp\/v2\/types\/page"}],"author":[{"embeddable":true,"href":"https:\/\/disnatec.com\/es\/wp-json\/wp\/v2\/users\/1"}],"replies":[{"embeddable":true,"href":"https:\/\/disnatec.com\/es\/wp-json\/wp\/v2\/comments?post=768"}],"version-history":[{"count":21,"href":"https:\/\/disnatec.com\/es\/wp-json\/wp\/v2\/pages\/768\/revisions"}],"predecessor-version":[{"id":1211,"href":"https:\/\/disnatec.com\/es\/wp-json\/wp\/v2\/pages\/768\/revisions\/1211"}],"wp:featuredmedia":[{"embeddable":true,"href":"https:\/\/disnatec.com\/es\/wp-json\/wp\/v2\/media\/448"}],"wp:attachment":[{"href":"https:\/\/disnatec.com\/es\/wp-json\/wp\/v2\/media?parent=768"}],"curies":[{"name":"wp","href":"https:\/\/api.w.org\/{rel}","templated":true}]}}